{"id":362,"date":"2025-05-08T12:18:24","date_gmt":"2025-05-08T12:18:24","guid":{"rendered":"https:\/\/llitsisofas.com\/politica-privacidad-cookies\/"},"modified":"2025-06-30T15:38:08","modified_gmt":"2025-06-30T15:38:08","slug":"politica-privacidad-cookies","status":"publish","type":"page","link":"https:\/\/llitsisofas.com\/es\/politica-privacidad-cookies\/","title":{"rendered":"Pol\u00edtica de privacidad"},"content":{"rendered":"\n<div class=\"wp-block-group alignfull has-background-background-color has-background has-global-padding is-layout-constrained wp-block-group-is-layout-constrained\">\n<p><\/p>\n\n\n\n<h3 class=\"wp-block-heading\">1. Responsable del tratamiento<\/h3>\n\n\n\n<p class=\"has-small-font-size\">En cumplimiento del Reglamento (UE) 2016\/679 (RGPD) y la Ley Org\u00e1nica 3\/2018 (LOPDGDD), te informamos que tus datos ser\u00e1n tratados por:<\/p>\n\n\n\n<ul class=\"wp-block-list\">\n<li><strong>Raz\u00f3n Social:<\/strong> Llits Catalunya S.L.<\/li>\n\n\n\n<li><strong>Nombre comercial:<\/strong> Llits i Sof\u00e0s<\/li>\n\n\n\n<li><strong>NIF:<\/strong> B75472894<\/li>\n\n\n\n<li><strong>Domicilio:<\/strong> C\/ Arquebisbe Creus 1. ESC F 2n1a, 08301 Matar\u00f3, Barcelona <\/li>\n\n\n\n<li><strong>Correo electr\u00f3nico de contacto:<\/strong> <a>tantunez@llitsisofas.com<\/a><\/li>\n\n\n\n<li><strong>Persona de contacto:<\/strong> Toni Ant\u00fanez<\/li>\n<\/ul>\n\n\n\n<p>Llits i Sof\u00e0s es el responsable del tratamiento de los datos personales facilitados a trav\u00e9s del sitio web.<\/p>\n\n\n\n<hr class=\"wp-block-separator has-alpha-channel-opacity\"\/>\n\n\n\n<h3 class=\"wp-block-heading\">2. Finalidad del tratamiento<\/h3>\n\n\n\n<p>Los datos que nos proporciones a trav\u00e9s del formulario de contacto (nombre, tel\u00e9fono, correo electr\u00f3nico y mensaje) ser\u00e1n utilizados por:<\/p>\n\n\n\n<ul class=\"wp-block-list\">\n<li>Responder a tus consultas o solicitudes.<\/li>\n\n\n\n<li>Enviar informaci\u00f3n comercial si nos das tu consentimiento expreso.<\/li>\n\n\n\n<li>Gestionar pedidos y servicios contratados.<\/li>\n<\/ul>\n\n\n\n<hr class=\"wp-block-separator has-alpha-channel-opacity\"\/>\n\n\n\n<h3 class=\"wp-block-heading\">3. Legitimaci\u00f3n<\/h3>\n\n\n\n<p>La base legal para el tratamiento de los datos es el <strong>consentimiento expreso<\/strong> que nos otorgas al enviar el formulario o contactar con nosotros.<\/p>\n\n\n\n<hr class=\"wp-block-separator has-alpha-channel-opacity\"\/>\n\n\n\n<h3 class=\"wp-block-heading\">4. Destinatarios<\/h3>\n\n\n\n<p>Tus datos podr\u00e1n ser comunicados a:<\/p>\n\n\n\n<ul class=\"wp-block-list\">\n<li><strong>Encargados externos del tratamiento<\/strong> , como EBAVS (gesti\u00f3n t\u00e9cnica y web).<\/li>\n\n\n\n<li><strong>Proveedores log\u00edsticos<\/strong> y de transporte para la tramitaci\u00f3n y entrega de pedidos.<\/li>\n\n\n\n<li><strong>Plataformas de marketing o email<\/strong> como Mailchimp o similares, siempre dentro de un marco legal adecuado.<\/li>\n<\/ul>\n\n\n\n<p>En algunos casos, pueden realizarse <strong>transferencias internacionales de datos<\/strong> con garant\u00edas adecuadas seg\u00fan el RGPD.<\/p>\n\n\n\n<hr class=\"wp-block-separator has-alpha-channel-opacity\"\/>\n\n\n\n<h3 class=\"wp-block-heading\">5. Derechos de las personas interesadas<\/h3>\n\n\n\n<p>Tienes derecho a acceder, rectificar, suprimir y oponerte al tratamiento de tus datos, as\u00ed como a la portabilidad y limitaci\u00f3n de su tratamiento.<\/p>\n\n\n\n<p>Para ejercer estos derechos, puedes escribir a:<br\/>\ud83d\udce9 <strong><a>tantunez@llitsisofas.com<\/a><\/strong><\/p>\n\n\n\n<p>Tambi\u00e9n puedes presentar una reclamaci\u00f3n frente a la <strong>Agencia Espa\u00f1ola de Protecci\u00f3n de Datos (AEPD)<\/strong> si consideras que tus derechos no han sido respetados.<\/p>\n\n\n\n<hr class=\"wp-block-separator has-alpha-channel-opacity\"\/>\n\n\n\n<h3 class=\"wp-block-heading\">6. Conservaci\u00f3n de los datos<\/h3>\n\n\n\n<p>Los datos ser\u00e1n conservados mientras dure la relaci\u00f3n comercial y durante el tiempo necesario para cumplir con obligaciones legales.<\/p>\n\n\n\n<hr class=\"wp-block-separator has-alpha-channel-opacity\"\/>\n\n\n\n<h3 class=\"wp-block-heading\">7. Cookies<\/h3>\n\n\n\n<hr class=\"wp-block-separator has-alpha-channel-opacity\"\/>\n\n\n\n<p>Este sitio web utiliza cookies propias y de terceros para mejorar la experiencia de navegaci\u00f3n y ofrecerle servicios personalizados.<br\/>Puedes consultar nuestra pol\u00edtica de cookies aqu\u00ed: <\/p>\n\n\n\n<h2 class=\"wp-block-heading\">Pol\u00edtica de cookies<\/h2>\n\n\n\n<h3 class=\"wp-block-heading\">1. \u00bfQu\u00e9 son las cookies?<\/h3>\n\n\n\n<p>Las cookies son peque\u00f1os archivos de texto que se almacenan en tu dispositivo al visitar una p\u00e1gina web. Sirven para reconocer a tu navegador, recoger informaci\u00f3n sobre tu navegaci\u00f3n y mejorar tu experiencia de usuario. <\/p>\n\n\n\n<hr class=\"wp-block-separator has-alpha-channel-opacity\"\/>\n\n\n\n<h3 class=\"wp-block-heading\">2. Tipo de cookies que utilizamos<\/h3>\n\n\n\n<p>Este sitio web utiliza los siguientes tipos de cookies:<\/p>\n\n\n\n<ul class=\"wp-block-list\">\n<li><strong>Cookies t\u00e9cnicas:<\/strong> Necesarias para el correcto funcionamiento de la web y para permitir la navegaci\u00f3n. No requieren consentimiento. <\/li>\n\n\n\n<li><strong>Cookies de preferencias o personalizaci\u00f3n:<\/strong> Permiten recordar informaci\u00f3n para acceder al servicio con determinadas caracter\u00edsticas personalizadas (idioma, tipos de navegador, configuraci\u00f3n regional, etc.).<\/li>\n\n\n\n<li><strong>Cookies de an\u00e1lisis o medida:<\/strong> Nos ayudan a entender c\u00f3mo interact\u00faan los usuarios con la web y mejorar su rendimiento. Utilizamos, por ejemplo, servicios como Google Analytics. <\/li>\n\n\n\n<li><strong>Cookies de publicidad comportamental:<\/strong> Almacenan informaci\u00f3n sobre los h\u00e1bitos de navegaci\u00f3n para mostrar publicidad relevante para el usuario.<\/li>\n<\/ul>\n\n\n\n<hr class=\"wp-block-separator has-alpha-channel-opacity\"\/>\n\n\n\n<h3 class=\"wp-block-heading\">3. Cookies de terceros<\/h3>\n\n\n\n<p>Este sitio web puede utilizar servicios de terceros que recopilan informaci\u00f3n con fines estad\u00edsticos, de uso del sitio web y para la prestaci\u00f3n de otros servicios relacionados con la actividad de la p\u00e1gina y otros servicios de Internet, como:<\/p>\n\n\n\n<ul class=\"wp-block-list\">\n<li><strong>Google Analytics<\/strong> (servicio de an\u00e1lisis web de Google Inc.)<\/li>\n\n\n\n<li><strong>Facebook Pixel<\/strong> (si se usa para publicidad)<\/li>\n\n\n\n<li><strong>Mailchimp<\/strong> , <strong>YouTube<\/strong> , u otros servicios integrados<\/li>\n<\/ul>\n\n\n\n<hr class=\"wp-block-separator has-alpha-channel-opacity\"\/>\n\n\n\n<h3 class=\"wp-block-heading\">4. Consentimiento<\/h3>\n\n\n\n<p>Cuando accedes a nuestra web por primera vez, te mostramos un <strong>banner de aviso de cookies<\/strong> . Puedes aceptar, desechar o configurar las cookies a trav\u00e9s del panel de preferencias. <\/p>\n\n\n\n<p>Puedes cambiar tu configuraci\u00f3n de cookies en cualquier momento desde nuestro panel de configuraci\u00f3n oa trav\u00e9s de su navegador.<\/p>\n\n\n\n<hr class=\"wp-block-separator has-alpha-channel-opacity\"\/>\n\n\n\n<h3 class=\"wp-block-heading\">5. Como desactivar o eliminar las cookies<\/h3>\n\n\n\n<p>Puedes configurar su navegador para bloquear o eliminar las cookies. A continuaci\u00f3n, te dejamos enlaces con instrucciones para los principales navegadores: <\/p>\n\n\n\n<ul class=\"wp-block-list\">\n<li><a>Google Chrome<\/a><\/li>\n\n\n\n<li><a class=\"\" href=\"https:\/\/support.mozilla.org\/ca\/kb\/activacio-i-desactivacio-de-les-cookies\">Mozilla Firefox<\/a><\/li>\n\n\n\n<li><a class=\"\" href=\"https:\/\/support.apple.com\/ca-es\/guide\/safari\/sfri11471\/mac\">Safari<\/a><\/li>\n\n\n\n<li><a class=\"\" href=\"https:\/\/support.microsoft.com\/ca-es\/help\/4468242\/microsoft-edge-browsing-data-and-privacy\">Microsoft Edge<\/a><\/li>\n<\/ul>\n\n\n\n<hr class=\"wp-block-separator has-alpha-channel-opacity\"\/>\n\n\n\n<h3 class=\"wp-block-heading\">6. Cambios en la pol\u00edtica de cookies<\/h3>\n\n\n\n<p>Podemos actualizar esta pol\u00edtica de cookies para adaptarla a cambios legislativos o t\u00e9cnicos. Te recomendamos revisarla peri\u00f3dicamente. <\/p>\n\n\n\n<hr class=\"wp-block-separator has-alpha-channel-opacity\"\/>\n\n\n\n<p>\ud83d\udce9 Si tienes dudas sobre el uso de cookies, puedes contactar con nosotros en:<br\/><strong><a>tantunez@llitsisofas.com<\/a><\/strong><\/p>\n\n\n\n<h3 class=\"wp-block-heading\">8. Modificaciones<\/h3>\n\n\n\n<p>Llits i Sof\u00e0s se reserva el derecho de modificar esta pol\u00edtica para adaptarla a novedades legislativas o cambios en la actividad. Te recomendamos revisarla peri\u00f3dicamente. <\/p>\n\n\n\n<p><\/p>\n\n\n\n<h2 class=\"wp-block-heading\"><\/h2>\n<\/div>\n","protected":false},"excerpt":{"rendered":"<p>1. Responsable del tratamiento En cumplimiento del Reglamento (UE) 2016\/679 (RGPD) y la Ley Org\u00e1nica 3\/2018 (LOPDGDD), te informamos que tus datos ser\u00e1n tratados por: Llits i Sof\u00e0s es el responsable del tratamiento de los datos personales facilitados a trav\u00e9s del sitio web. 2. Finalidad del tratamiento Los datos que nos proporciones a trav\u00e9s del [&hellip;]<\/p>\n","protected":false},"author":1,"featured_media":0,"parent":0,"menu_order":0,"comment_status":"closed","ping_status":"closed","template":"","meta":{"footnotes":""},"class_list":["post-362","page","type-page","status-publish","hentry"],"yoast_head":"<!-- This site is optimized with the Yoast SEO plugin v27.4 - https:\/\/yoast.com\/product\/yoast-seo-wordpress\/ -->\n<title>Pol\u00edtica de privacidad i cookies - Llits i sof&agrave;s<\/title>\n<meta name=\"description\" content=\"Consulta nuestra pol\u00edtica de privacidad y uso de cookies. En Camas y Sof\u00e1s protegemos tus datos y respetamos tu confidencialidad.\" \/>\n<meta name=\"robots\" content=\"index, follow, max-snippet:-1, max-image-preview:large, max-video-preview:-1\" \/>\n<link rel=\"canonical\" href=\"https:\/\/llitsisofas-94fglhjiex.live-website.com\/es\/politica-privacidad-cookies\/\" \/>\n<meta property=\"og:locale\" content=\"es_ES\" \/>\n<meta property=\"og:type\" content=\"article\" \/>\n<meta property=\"og:title\" content=\"Pol\u00edtica de privacidad i cookies - Llits i sof&agrave;s\" \/>\n<meta property=\"og:description\" content=\"Consulta nuestra pol\u00edtica de privacidad y uso de cookies. En Camas y Sof\u00e1s protegemos tus datos y respetamos tu confidencialidad.\" \/>\n<meta property=\"og:url\" content=\"https:\/\/llitsisofas-94fglhjiex.live-website.com\/es\/politica-privacidad-cookies\/\" \/>\n<meta property=\"og:site_name\" content=\"Llits i sof&agrave;s\" \/>\n<meta property=\"article:modified_time\" content=\"2025-06-30T15:38:08+00:00\" \/>\n<meta name=\"twitter:card\" content=\"summary_large_image\" \/>\n<meta name=\"twitter:label1\" content=\"Tiempo de lectura\" \/>\n\t<meta name=\"twitter:data1\" content=\"4 minutos\" \/>\n<script type=\"application\/ld+json\" class=\"yoast-schema-graph\">{\"@context\":\"https:\\\/\\\/schema.org\",\"@graph\":[{\"@type\":\"WebPage\",\"@id\":\"https:\\\/\\\/llitsisofas-94fglhjiex.live-website.com\\\/es\\\/politica-privacidad-cookies\\\/\",\"url\":\"https:\\\/\\\/llitsisofas-94fglhjiex.live-website.com\\\/es\\\/politica-privacidad-cookies\\\/\",\"name\":\"Pol\u00edtica de privacidad i cookies - Llits i sof&agrave;s\",\"isPartOf\":{\"@id\":\"https:\\\/\\\/llitsisofas.com\\\/#website\"},\"datePublished\":\"2025-05-08T12:18:24+00:00\",\"dateModified\":\"2025-06-30T15:38:08+00:00\",\"description\":\"Consulta nuestra pol\u00edtica de privacidad y uso de cookies. En Camas y Sof\u00e1s protegemos tus datos y respetamos tu confidencialidad.\",\"breadcrumb\":{\"@id\":\"https:\\\/\\\/llitsisofas-94fglhjiex.live-website.com\\\/es\\\/politica-privacidad-cookies\\\/#breadcrumb\"},\"inLanguage\":\"es\",\"potentialAction\":[{\"@type\":\"ReadAction\",\"target\":[\"https:\\\/\\\/llitsisofas-94fglhjiex.live-website.com\\\/es\\\/politica-privacidad-cookies\\\/\"]}]},{\"@type\":\"BreadcrumbList\",\"@id\":\"https:\\\/\\\/llitsisofas-94fglhjiex.live-website.com\\\/es\\\/politica-privacidad-cookies\\\/#breadcrumb\",\"itemListElement\":[{\"@type\":\"ListItem\",\"position\":1,\"name\":\"Inici\",\"item\":\"https:\\\/\\\/llitsisofas.com\\\/es\\\/\"},{\"@type\":\"ListItem\",\"position\":2,\"name\":\"Pol\u00edtica de privacidad\"}]},{\"@type\":\"WebSite\",\"@id\":\"https:\\\/\\\/llitsisofas.com\\\/#website\",\"url\":\"https:\\\/\\\/llitsisofas.com\\\/\",\"name\":\"Llits i sof&agrave;s\",\"description\":\"Troba el teu descans ideal a Llits i Sof&agrave;s. Sof&agrave;s, matalassos i canap&egrave;s amb lliurament immediat i assessorament personalitzat.\",\"publisher\":{\"@id\":\"https:\\\/\\\/llitsisofas.com\\\/#organization\"},\"potentialAction\":[{\"@type\":\"SearchAction\",\"target\":{\"@type\":\"EntryPoint\",\"urlTemplate\":\"https:\\\/\\\/llitsisofas.com\\\/?s={search_term_string}\"},\"query-input\":{\"@type\":\"PropertyValueSpecification\",\"valueRequired\":true,\"valueName\":\"search_term_string\"}}],\"inLanguage\":\"es\"},{\"@type\":\"Organization\",\"@id\":\"https:\\\/\\\/llitsisofas.com\\\/#organization\",\"name\":\"Llits i sof&agrave;s\",\"url\":\"https:\\\/\\\/llitsisofas.com\\\/\",\"logo\":{\"@type\":\"ImageObject\",\"inLanguage\":\"es\",\"@id\":\"https:\\\/\\\/llitsisofas.com\\\/#\\\/schema\\\/logo\\\/image\\\/\",\"url\":\"https:\\\/\\\/llitsisofas.com\\\/wp-content\\\/uploads\\\/2025\\\/05\\\/logo-2.svg\",\"contentUrl\":\"https:\\\/\\\/llitsisofas.com\\\/wp-content\\\/uploads\\\/2025\\\/05\\\/logo-2.svg\",\"width\":360,\"height\":250,\"caption\":\"Llits i sof&agrave;s\"},\"image\":{\"@id\":\"https:\\\/\\\/llitsisofas.com\\\/#\\\/schema\\\/logo\\\/image\\\/\"}}]}<\/script>\n<!-- \/ Yoast SEO plugin. -->","yoast_head_json":{"title":"Pol\u00edtica de privacidad i cookies - Llits i sof&agrave;s","description":"Consulta nuestra pol\u00edtica de privacidad y uso de cookies. En Camas y Sof\u00e1s protegemos tus datos y respetamos tu confidencialidad.","robots":{"index":"index","follow":"follow","max-snippet":"max-snippet:-1","max-image-preview":"max-image-preview:large","max-video-preview":"max-video-preview:-1"},"canonical":"https:\/\/llitsisofas-94fglhjiex.live-website.com\/es\/politica-privacidad-cookies\/","og_locale":"es_ES","og_type":"article","og_title":"Pol\u00edtica de privacidad i cookies - Llits i sof&agrave;s","og_description":"Consulta nuestra pol\u00edtica de privacidad y uso de cookies. En Camas y Sof\u00e1s protegemos tus datos y respetamos tu confidencialidad.","og_url":"https:\/\/llitsisofas-94fglhjiex.live-website.com\/es\/politica-privacidad-cookies\/","og_site_name":"Llits i sof&agrave;s","article_modified_time":"2025-06-30T15:38:08+00:00","twitter_card":"summary_large_image","twitter_misc":{"Tiempo de lectura":"4 minutos"},"schema":{"@context":"https:\/\/schema.org","@graph":[{"@type":"WebPage","@id":"https:\/\/llitsisofas-94fglhjiex.live-website.com\/es\/politica-privacidad-cookies\/","url":"https:\/\/llitsisofas-94fglhjiex.live-website.com\/es\/politica-privacidad-cookies\/","name":"Pol\u00edtica de privacidad i cookies - Llits i sof&agrave;s","isPartOf":{"@id":"https:\/\/llitsisofas.com\/#website"},"datePublished":"2025-05-08T12:18:24+00:00","dateModified":"2025-06-30T15:38:08+00:00","description":"Consulta nuestra pol\u00edtica de privacidad y uso de cookies. En Camas y Sof\u00e1s protegemos tus datos y respetamos tu confidencialidad.","breadcrumb":{"@id":"https:\/\/llitsisofas-94fglhjiex.live-website.com\/es\/politica-privacidad-cookies\/#breadcrumb"},"inLanguage":"es","potentialAction":[{"@type":"ReadAction","target":["https:\/\/llitsisofas-94fglhjiex.live-website.com\/es\/politica-privacidad-cookies\/"]}]},{"@type":"BreadcrumbList","@id":"https:\/\/llitsisofas-94fglhjiex.live-website.com\/es\/politica-privacidad-cookies\/#breadcrumb","itemListElement":[{"@type":"ListItem","position":1,"name":"Inici","item":"https:\/\/llitsisofas.com\/es\/"},{"@type":"ListItem","position":2,"name":"Pol\u00edtica de privacidad"}]},{"@type":"WebSite","@id":"https:\/\/llitsisofas.com\/#website","url":"https:\/\/llitsisofas.com\/","name":"Llits i sof&agrave;s","description":"Troba el teu descans ideal a Llits i Sof&agrave;s. Sof&agrave;s, matalassos i canap&egrave;s amb lliurament immediat i assessorament personalitzat.","publisher":{"@id":"https:\/\/llitsisofas.com\/#organization"},"potentialAction":[{"@type":"SearchAction","target":{"@type":"EntryPoint","urlTemplate":"https:\/\/llitsisofas.com\/?s={search_term_string}"},"query-input":{"@type":"PropertyValueSpecification","valueRequired":true,"valueName":"search_term_string"}}],"inLanguage":"es"},{"@type":"Organization","@id":"https:\/\/llitsisofas.com\/#organization","name":"Llits i sof&agrave;s","url":"https:\/\/llitsisofas.com\/","logo":{"@type":"ImageObject","inLanguage":"es","@id":"https:\/\/llitsisofas.com\/#\/schema\/logo\/image\/","url":"https:\/\/llitsisofas.com\/wp-content\/uploads\/2025\/05\/logo-2.svg","contentUrl":"https:\/\/llitsisofas.com\/wp-content\/uploads\/2025\/05\/logo-2.svg","width":360,"height":250,"caption":"Llits i sof&agrave;s"},"image":{"@id":"https:\/\/llitsisofas.com\/#\/schema\/logo\/image\/"}}]}},"_links":{"self":[{"href":"https:\/\/llitsisofas.com\/es\/wp-json\/wp\/v2\/pages\/362","targetHints":{"allow":["GET"]}}],"collection":[{"href":"https:\/\/llitsisofas.com\/es\/wp-json\/wp\/v2\/pages"}],"about":[{"href":"https:\/\/llitsisofas.com\/es\/wp-json\/wp\/v2\/types\/page"}],"author":[{"embeddable":true,"href":"https:\/\/llitsisofas.com\/es\/wp-json\/wp\/v2\/users\/1"}],"replies":[{"embeddable":true,"href":"https:\/\/llitsisofas.com\/es\/wp-json\/wp\/v2\/comments?post=362"}],"version-history":[{"count":5,"href":"https:\/\/llitsisofas.com\/es\/wp-json\/wp\/v2\/pages\/362\/revisions"}],"predecessor-version":[{"id":413,"href":"https:\/\/llitsisofas.com\/es\/wp-json\/wp\/v2\/pages\/362\/revisions\/413"}],"wp:attachment":[{"href":"https:\/\/llitsisofas.com\/es\/wp-json\/wp\/v2\/media?parent=362"}],"curies":[{"name":"wp","href":"https:\/\/api.w.org\/{rel}","templated":true}]}}